{"id":49,"date":"2021-10-01T06:29:12","date_gmt":"2021-10-01T06:29:12","guid":{"rendered":"https:\/\/musing-wing.95-217-206-124.plesk.page\/?page_id=49"},"modified":"2025-09-24T22:37:04","modified_gmt":"2025-09-24T19:37:04","slug":"majat-2","status":"publish","type":"page","link":"https:\/\/tsms.fi\/?page_id=49","title":{"rendered":"Majojen historiaa"},"content":{"rendered":"\n<h2 class=\"has-large-font-size wp-block-heading\">Majojen historiaa<\/h2>\n\n\n\n<p class=\"has-extra-small-font-size\">Sodan j\u00e4lkeen mets\u00e4stysmatkat tehtiin yleens\u00e4 polkupy\u00f6rill\u00e4, sill\u00e4 autoja ei juuri ollut k\u00e4yt\u00f6ss\u00e4. Tavallisesti mentiin lauantai-iltana k\u00e4mp\u00e4lle y\u00f6ksi ja varhain sunnuntaina jatkettiin jahtia ja palattiin illalla kotiin loppuun v\u00e4synyt koira py\u00f6r\u00e4n telineell\u00e4 laatikossa. Lauantaihan oli siihen aikaan ty\u00f6p\u00e4iv\u00e4. Sellaisessa jahdissa oli todellista mets\u00e4styksen ja er\u00e4retkeilyn tuntua ja ihanuutta, jollaista nykyisin on vaikea tavoittaa.<\/p>\n\n\n\n<p class=\"has-extra-small-font-size\">1945 ostettiin Hammasj\u00e4rven k\u00e4mpp\u00e4 Kalle Ylipekkalalta. K\u00e4mp\u00e4st\u00e4 luovuttiin 1981. 1946 ostettiin Kantoj\u00e4rven maja Evert Kantolalta. Vuosina 1946-48 rakennettiin Nosan maja, siit\u00e4 luovuttiin my\u00f6skin 1981.<br>1949 rakennettiin Ahvenj\u00e4rven maja, siit\u00e4kin luovuttiin 1974.<\/p>\n\n\n\n<p class=\"has-extra-small-font-size\">Mets\u00e4stysmajojen k\u00e4ytt\u00f6 j\u00e4i v\u00e4h\u00e4iseksi kun mets\u00e4autoteit\u00e4 rakennettiin kattavasti alueille, ja tietenkin siihen vaikutti sekin, ett\u00e4 autot lis\u00e4\u00e4ntyiv\u00e4t ja liikkuminen polkupy\u00f6rill\u00e4 loppui.<\/p>\n\n\n\n<p class=\"has-extra-small-font-size\">Kun kaupunki rakensi mets\u00e4autotien Martimon mets\u00e4lohkolle, rakensi seura sinne majan 1964 ja n\u00e4in saatiin my\u00f6skin tuo laaja alue mets\u00e4st\u00e4jien k\u00e4ytt\u00f6\u00f6n.<br>Seura hankki osaomistuksen Laivakankaan majaan ja k\u00e4ytt\u00f6oikeuden ampumarataan. Laivakankaan maja laajennettiin yhteisty\u00f6ss\u00e4 Tornionseudun Ampujien kanssa 1990. Tehdyll\u00e4 sopimuksella maja siirtyi yhteisomistukseen ampujien kanssa. Avajaiset pidettiin 26.1.1991.<\/p>\n\n\n\n<p class=\"has-extra-small-font-size\"><em>&#8221;Heikki Lunki: Tornionseudun Mets\u00e4stysseura 60v.&#8221;<\/em><\/p>\n","protected":false},"excerpt":{"rendered":"<p>Majojen historiaa Sodan j\u00e4lkeen mets\u00e4stysmatkat tehtiin yleens\u00e4 polkupy\u00f6rill\u00e4, sill\u00e4 autoja ei juuri ollut k\u00e4yt\u00f6ss\u00e4. Tavallisesti mentiin lauantai-iltana k\u00e4mp\u00e4lle y\u00f6ksi ja varhain sunnuntaina jatkettiin jahtia ja palattiin illalla kotiin loppuun v\u00e4synyt koira py\u00f6r\u00e4n telineell\u00e4 laatikossa.&#46;&#46;&#46;<\/p>\n","protected":false},"author":3,"featured_media":0,"parent":0,"menu_order":0,"comment_status":"closed","ping_status":"closed","template":"","meta":{"footnotes":""},"class_list":["post-49","page","type-page","status-publish","hentry"],"_links":{"self":[{"href":"https:\/\/tsms.fi\/index.php?rest_route=\/wp\/v2\/pages\/49","targetHints":{"allow":["GET"]}}],"collection":[{"href":"https:\/\/tsms.fi\/index.php?rest_route=\/wp\/v2\/pages"}],"about":[{"href":"https:\/\/tsms.fi\/index.php?rest_route=\/wp\/v2\/types\/page"}],"author":[{"embeddable":true,"href":"https:\/\/tsms.fi\/index.php?rest_route=\/wp\/v2\/users\/3"}],"replies":[{"embeddable":true,"href":"https:\/\/tsms.fi\/index.php?rest_route=%2Fwp%2Fv2%2Fcomments&post=49"}],"version-history":[{"count":4,"href":"https:\/\/tsms.fi\/index.php?rest_route=\/wp\/v2\/pages\/49\/revisions"}],"predecessor-version":[{"id":633,"href":"https:\/\/tsms.fi\/index.php?rest_route=\/wp\/v2\/pages\/49\/revisions\/633"}],"wp:attachment":[{"href":"https:\/\/tsms.fi\/index.php?rest_route=%2Fwp%2Fv2%2Fmedia&parent=49"}],"curies":[{"name":"wp","href":"https:\/\/api.w.org\/{rel}","templated":true}]}}