{"id":47,"date":"2021-10-01T06:28:55","date_gmt":"2021-10-01T06:28:55","guid":{"rendered":"https:\/\/musing-wing.95-217-206-124.plesk.page\/?page_id=47"},"modified":"2021-10-26T22:56:15","modified_gmt":"2021-10-26T22:56:15","slug":"alkuvaiheet","status":"publish","type":"page","link":"https:\/\/tsms.fi\/?page_id=47","title":{"rendered":"Alkuvaiheet"},"content":{"rendered":"\n<h2 class=\"has-large-font-size wp-block-heading\">Tornionseudun Mets\u00e4stysseuran alkuvaiheet<\/h2>\n\n\n\n<p class=\"has-extra-small-font-size\">Tornionseudun Mets\u00e4stysseuran perustamisen historia voidaan katsoa alkaneen vuodesta 1906 tai 1907 Voima-liiton perustamisen aikoihin. Voima-liiton toiminta oli suunnattu Ven\u00e4j\u00e4n tsaarivallan Suomea kohtaan harjoittamia laittomia toimia vastaan yhdess\u00e4 Ven\u00e4j\u00e4n vallankumouksellisten voimien kanssa. Toiminnan levitt\u00e4miseksi yli maan perustettiin peitej\u00e4rjest\u00f6iksi 125 mets\u00e4stys- ja urheiluseuraa. Voima-liiton neuvojat kulkivat eri puolilla maata viem\u00e4ss\u00e4 asiaa eteen p\u00e4in. Yhten\u00e4 n\u00e4ist\u00e4 seuroista on pidetty Tornion mets\u00e4stysseuraa, mit\u00e4\u00e4n kirjallista tietoa ei kuitenkaan asiasta ole. Noilta ajoilta ei ole tietystik\u00e4\u00e4n muistiinpanoja, koska toiminta oli salaista.<\/p>\n\n\n\n<p class=\"has-extra-small-font-size\">Seuran virallisesta perustamisesta Eino Haataja on kertonut, ett\u00e4 kes\u00e4ll\u00e4 1937 heit\u00e4 istui Tornion Suojeluskunnan portailla muutama mies ja siin\u00e4 tuli puheeksi mets\u00e4stysseuran perustaminen. Samalla tavalla muisteli August Holma. Perustava kokous pidettiin Suojeluskunnan talossa joulukuun 14. p\u00e4iv\u00e4n\u00e4 1937. Yhdistysrekisteriin seura merkittiin 17.1.1938. Seuran nimi kirjoitettiin Tornionseudun Mets\u00e4stysseura ry.<\/p>\n\n\n\n<p class=\"has-extra-small-font-size\">Heti seuran perustamisen j\u00e4lkeen aloitettiin mets\u00e4stysmaiden hankkiminen seuralle. Vuonna 1938 olivat ainakin seuraavat Alatornion kunnan Yliraumon kyl\u00e4n talojen maat vuokrattuna seuralle: Pellonpoika, Laavala, \u00c5kerman, Antti, Sakari, Rantavuoti, Faarinen ja Kasala.<\/p>\n\n\n\n<p class=\"has-extra-small-font-size\">Seura sai hyv\u00e4n alun toiminnalleen. Sotavuodet 1939-1944 pys\u00e4yttiv\u00e4t seuran kehitt\u00e4misen, mutta sotien j\u00e4lkeen aloitettiin voimakas toiminnan monipuolistaminen. Maanvuokraus l\u00e4hti j\u00e4rjestelm\u00e4llisesti liikkeelle.<\/p>\n\n\n\n<p class=\"has-extra-small-font-size\"><em>&#8221;Heikki Lunki: Tornionseudun Mets\u00e4stysseura 60v.&#8221;<\/em><\/p>\n","protected":false},"excerpt":{"rendered":"<p>Tornionseudun Mets\u00e4stysseuran alkuvaiheet Tornionseudun Mets\u00e4stysseuran perustamisen historia voidaan katsoa alkaneen vuodesta 1906 tai 1907 Voima-liiton perustamisen aikoihin. Voima-liiton toiminta oli suunnattu Ven\u00e4j\u00e4n tsaarivallan Suomea kohtaan harjoittamia laittomia toimia vastaan yhdess\u00e4 Ven\u00e4j\u00e4n vallankumouksellisten voimien kanssa.&#46;&#46;&#46;<\/p>\n","protected":false},"author":3,"featured_media":0,"parent":0,"menu_order":0,"comment_status":"closed","ping_status":"closed","template":"","meta":{"footnotes":""},"class_list":["post-47","page","type-page","status-publish","hentry"],"_links":{"self":[{"href":"https:\/\/tsms.fi\/index.php?rest_route=\/wp\/v2\/pages\/47","targetHints":{"allow":["GET"]}}],"collection":[{"href":"https:\/\/tsms.fi\/index.php?rest_route=\/wp\/v2\/pages"}],"about":[{"href":"https:\/\/tsms.fi\/index.php?rest_route=\/wp\/v2\/types\/page"}],"author":[{"embeddable":true,"href":"https:\/\/tsms.fi\/index.php?rest_route=\/wp\/v2\/users\/3"}],"replies":[{"embeddable":true,"href":"https:\/\/tsms.fi\/index.php?rest_route=%2Fwp%2Fv2%2Fcomments&post=47"}],"version-history":[{"count":3,"href":"https:\/\/tsms.fi\/index.php?rest_route=\/wp\/v2\/pages\/47\/revisions"}],"predecessor-version":[{"id":162,"href":"https:\/\/tsms.fi\/index.php?rest_route=\/wp\/v2\/pages\/47\/revisions\/162"}],"wp:attachment":[{"href":"https:\/\/tsms.fi\/index.php?rest_route=%2Fwp%2Fv2%2Fmedia&parent=47"}],"curies":[{"name":"wp","href":"https:\/\/api.w.org\/{rel}","templated":true}]}}