{"id":41,"date":"2021-10-01T06:25:11","date_gmt":"2021-10-01T06:25:11","guid":{"rendered":"https:\/\/musing-wing.95-217-206-124.plesk.page\/?page_id=41"},"modified":"2026-04-16T11:08:25","modified_gmt":"2026-04-16T08:08:25","slug":"jaostot","status":"publish","type":"page","link":"https:\/\/tsms.fi\/?page_id=41","title":{"rendered":"Jaostot"},"content":{"rendered":"\n<h2 class=\"wp-block-heading has-large-font-size\">Jaostot<\/h2>\n\n\n\n<h5 class=\"wp-block-heading has-small-font-size\">Ajokoirajaosto<\/h5>\n\n\n\n<p class=\"has-extra-small-font-size\">Vet\u00e4j\u00e4n\u00e4 Jukka Siponen ja j\u00e4senet Kalevi V\u00e4nsk\u00e4, Eino Kaarlela, Hannu K\u00e4rh\u00e4, Risto Virtanen ja Patrik Pohjanen.<\/p>\n\n\n\n<h5 class=\"wp-block-heading has-small-font-size\">Pystykorvajaosto<\/h5>\n\n\n\n<p class=\"has-extra-small-font-size\">Vet\u00e4j\u00e4n\u00e4 Jani Juusola, j\u00e4senet Petteri Huhtalo, Juho-Heikki Juusola, Toni Juusola, Kari Juusola, Arto Kulju, Mikko Kaarlela, Kenneth Liljamaa ja Tapani Kuivalainen.<\/p>\n\n\n\n<h5 class=\"wp-block-heading has-small-font-size\">N\u00e4yttelytoimikunta<\/h5>\n\n\n\n<p class=\"has-extra-small-font-size\">Vet\u00e4j\u00e4n\u00e4 Eino Kaarlela, Ari Krook, Ky\u00f6sti Rantamaa, Pekka Lunki, Hannu K\u00e4rh\u00e4 ja Heikki Mikkola<\/p>\n\n\n\n<h5 class=\"wp-block-heading has-small-font-size\">Ampumajaosto<\/h5>\n\n\n\n<p class=\"has-extra-small-font-size\">Vet\u00e4j\u00e4n\u00e4 Tero Kasala, j\u00e4senet: Teemu Alafrantti, Eero Heikkil\u00e4, Ville-Veikko Tuokila, Heikki Mikkola, Pertti Pruikkonen, Rainer Pruikkonen ja Ari Tapo<\/p>\n\n\n\n<h5 class=\"wp-block-heading has-small-font-size\">Hirviseurueiden vet\u00e4j\u00e4t<\/h5>\n\n\n\n<div class=\"wp-block-columns is-layout-flex wp-container-core-columns-is-layout-9d6595d7 wp-block-columns-is-layout-flex\">\n<div class=\"wp-block-column is-layout-flow wp-block-column-is-layout-flow\" style=\"flex-basis:33.33%\">\n<ul class=\"wp-block-list\">\n<li>Tapani Kuivalainen<\/li>\n\n\n\n<li>Ari Krook<\/li>\n\n\n\n<li>Markku Kasala<\/li>\n\n\n\n<li>Arto Kulju<\/li>\n\n\n\n<li>Esko Passoja<\/li>\n\n\n\n<li>Pekka Lunki<\/li>\n\n\n\n<li>Jani Juusola<\/li>\n<\/ul>\n<\/div>\n\n\n\n<div class=\"wp-block-column is-layout-flow wp-block-column-is-layout-flow\" style=\"flex-basis:66.66%\">\n<figure class=\"wp-block-image size-large is-resized\"><img loading=\"lazy\" decoding=\"async\" width=\"768\" height=\"1024\" src=\"http:\/\/tsms.fi\/wp-content\/uploads\/2021\/12\/Kallen-1.-hirvi-768x1024.jpg\" alt=\"\" class=\"wp-image-391\" style=\"width:182px;height:auto\" srcset=\"https:\/\/tsms.fi\/wp-content\/uploads\/2021\/12\/Kallen-1.-hirvi-768x1024.jpg 768w, https:\/\/tsms.fi\/wp-content\/uploads\/2021\/12\/Kallen-1.-hirvi-225x300.jpg 225w, https:\/\/tsms.fi\/wp-content\/uploads\/2021\/12\/Kallen-1.-hirvi-720x960.jpg 720w, https:\/\/tsms.fi\/wp-content\/uploads\/2021\/12\/Kallen-1.-hirvi-520x693.jpg 520w, https:\/\/tsms.fi\/wp-content\/uploads\/2021\/12\/Kallen-1.-hirvi-320x427.jpg 320w, https:\/\/tsms.fi\/wp-content\/uploads\/2021\/12\/Kallen-1.-hirvi.jpg 960w\" sizes=\"auto, (max-width: 768px) 100vw, 768px\" \/><\/figure>\n<\/div>\n<\/div>\n\n\n\n<h5 class=\"wp-block-heading has-small-font-size\">Maanvuokraustoimikunta<\/h5>\n\n\n\n<p class=\"has-extra-small-font-size\">Johtokunta, hirviseurueiden vet\u00e4j\u00e4t ja aktiiviset seuran j\u00e4senet.<\/p>\n\n\n\n<h5 class=\"wp-block-heading has-small-font-size\">Laivakankaan majatoimikunta<\/h5>\n\n\n\n<p class=\"has-extra-small-font-size\">Majais\u00e4nt\u00e4, seuran puheenjohtaja, seuran sihteeri ja seuran rahastonhoitaja<\/p>\n\n\n\n<h5 class=\"wp-block-heading has-small-font-size\">Martimon majatoimikunta<\/h5>\n\n\n\n<p class=\"has-extra-small-font-size\">Tapani Kuivalainen ja Sami K\u00e4lk\u00e4j\u00e4<\/p>\n\n\n\n<h5 class=\"wp-block-heading has-small-font-size\">Ampumaradan tietoimikunta<\/h5>\n\n\n\n<p class=\"has-extra-small-font-size\">Seuran puheenjohtaja<\/p>\n\n\n\n<h5 class=\"wp-block-heading has-small-font-size\">Riistanhoitojaosto<\/h5>\n\n\n\n<p class=\"has-extra-small-font-size\">Vet\u00e4j\u00e4n\u00e4 Tero Kasala, hirviseurueiden vet\u00e4j\u00e4t.<\/p>\n\n\n\n<h5 class=\"wp-block-heading has-small-font-size\">Suurpetoyhdyshenkil\u00f6<\/h5>\n\n\n\n<p class=\"has-extra-small-font-size\">Pekka Aho, +358 40 0296425<\/p>\n\n\n\n<h5 class=\"wp-block-heading has-small-font-size\">Kunniaj\u00e4sentoimikunta<\/h5>\n\n\n\n<p>Ky\u00f6sti Rantamaa pj,&nbsp;<\/p>\n\n\n\n<p>Eero Heikkil\u00e4, Martti Nylund, Heikki Mikkola, Olavi Maronen, Ari Krook<\/p>\n\n\n\n<p><\/p>\n","protected":false},"excerpt":{"rendered":"<p>Jaostot Ajokoirajaosto Vet\u00e4j\u00e4n\u00e4 Jukka Siponen ja j\u00e4senet Kalevi V\u00e4nsk\u00e4, Eino Kaarlela, Hannu K\u00e4rh\u00e4, Risto Virtanen ja Patrik Pohjanen. Pystykorvajaosto Vet\u00e4j\u00e4n\u00e4 Jani Juusola, j\u00e4senet Petteri Huhtalo, Juho-Heikki Juusola, Toni Juusola, Kari Juusola, Arto Kulju, Mikko&#46;&#46;&#46;<\/p>\n","protected":false},"author":3,"featured_media":0,"parent":0,"menu_order":0,"comment_status":"closed","ping_status":"closed","template":"","meta":{"footnotes":""},"class_list":["post-41","page","type-page","status-publish","hentry"],"_links":{"self":[{"href":"https:\/\/tsms.fi\/index.php?rest_route=\/wp\/v2\/pages\/41","targetHints":{"allow":["GET"]}}],"collection":[{"href":"https:\/\/tsms.fi\/index.php?rest_route=\/wp\/v2\/pages"}],"about":[{"href":"https:\/\/tsms.fi\/index.php?rest_route=\/wp\/v2\/types\/page"}],"author":[{"embeddable":true,"href":"https:\/\/tsms.fi\/index.php?rest_route=\/wp\/v2\/users\/3"}],"replies":[{"embeddable":true,"href":"https:\/\/tsms.fi\/index.php?rest_route=%2Fwp%2Fv2%2Fcomments&post=41"}],"version-history":[{"count":18,"href":"https:\/\/tsms.fi\/index.php?rest_route=\/wp\/v2\/pages\/41\/revisions"}],"predecessor-version":[{"id":661,"href":"https:\/\/tsms.fi\/index.php?rest_route=\/wp\/v2\/pages\/41\/revisions\/661"}],"wp:attachment":[{"href":"https:\/\/tsms.fi\/index.php?rest_route=%2Fwp%2Fv2%2Fmedia&parent=41"}],"curies":[{"name":"wp","href":"https:\/\/api.w.org\/{rel}","templated":true}]}}