{"id":28,"date":"2021-10-01T06:19:52","date_gmt":"2021-10-01T06:19:52","guid":{"rendered":"https:\/\/musing-wing.95-217-206-124.plesk.page\/?page_id=28"},"modified":"2023-04-11T18:51:26","modified_gmt":"2023-04-11T15:51:26","slug":"historia","status":"publish","type":"page","link":"https:\/\/tsms.fi\/?page_id=28","title":{"rendered":"Historia"},"content":{"rendered":"\n<h2 class=\"wp-block-heading has-large-font-size\">Tornionseudun Mets\u00e4stysseura r.y.<\/h2>\n\n\n\n<p class=\"has-extra-small-font-size\">Tornionseudun Mets\u00e4stysseura ry on vanhin Tornion alueella toimivista mets\u00e4stysseuroista. Virallinen perustamiskokous pidettiin 14.12.1937 vaikka seuran historia juontaa ainakin 30 vuotta aikaisemmaksi vuoteen 1907. Kokonaisj\u00e4senm\u00e4\u00e4r\u00e4 on noin 640 mukaan luettuna kunniaj\u00e4senet ja vapaaj\u00e4senet.<\/p>\n\n\n\n<p class=\"has-extra-small-font-size\">Seuralla on vuokrattuja mets\u00e4stysmaita n. 22000 ha ja toimintaa my\u00f6s Ylitornion kunnan etel\u00e4osissa. Yhdistyksell\u00e4 on p\u00e4\u00e4toimintakeskus Laivakankaan ampumaradan alueella ja mets\u00e4stysmaja Martimossa.<\/p>\n\n\n\n<p class=\"has-extra-small-font-size\">Seuran hoidettavana ovat my\u00f6s suositun Alkukarinlahden lintujensuojelualueen riistanhoito ja mets\u00e4styksen valvonta.<\/p>\n\n\n\n<p><\/p>\n","protected":false},"excerpt":{"rendered":"<p>Tornionseudun Mets\u00e4stysseura r.y. Tornionseudun Mets\u00e4stysseura ry on vanhin Tornion alueella toimivista mets\u00e4stysseuroista. Virallinen perustamiskokous pidettiin 14.12.1937 vaikka seuran historia juontaa ainakin 30 vuotta aikaisemmaksi vuoteen 1907. Kokonaisj\u00e4senm\u00e4\u00e4r\u00e4 on noin 640 mukaan luettuna kunniaj\u00e4senet ja&#46;&#46;&#46;<\/p>\n","protected":false},"author":3,"featured_media":0,"parent":0,"menu_order":0,"comment_status":"closed","ping_status":"closed","template":"","meta":{"footnotes":""},"class_list":["post-28","page","type-page","status-publish","hentry"],"_links":{"self":[{"href":"https:\/\/tsms.fi\/index.php?rest_route=\/wp\/v2\/pages\/28","targetHints":{"allow":["GET"]}}],"collection":[{"href":"https:\/\/tsms.fi\/index.php?rest_route=\/wp\/v2\/pages"}],"about":[{"href":"https:\/\/tsms.fi\/index.php?rest_route=\/wp\/v2\/types\/page"}],"author":[{"embeddable":true,"href":"https:\/\/tsms.fi\/index.php?rest_route=\/wp\/v2\/users\/3"}],"replies":[{"embeddable":true,"href":"https:\/\/tsms.fi\/index.php?rest_route=%2Fwp%2Fv2%2Fcomments&post=28"}],"version-history":[{"count":6,"href":"https:\/\/tsms.fi\/index.php?rest_route=\/wp\/v2\/pages\/28\/revisions"}],"predecessor-version":[{"id":501,"href":"https:\/\/tsms.fi\/index.php?rest_route=\/wp\/v2\/pages\/28\/revisions\/501"}],"wp:attachment":[{"href":"https:\/\/tsms.fi\/index.php?rest_route=%2Fwp%2Fv2%2Fmedia&parent=28"}],"curies":[{"name":"wp","href":"https:\/\/api.w.org\/{rel}","templated":true}]}}