{"id":26,"date":"2021-10-01T06:19:37","date_gmt":"2021-10-01T06:19:37","guid":{"rendered":"https:\/\/musing-wing.95-217-206-124.plesk.page\/?page_id=26"},"modified":"2023-04-11T18:49:27","modified_gmt":"2023-04-11T15:49:27","slug":"alueet","status":"publish","type":"page","link":"https:\/\/tsms.fi\/?page_id=26","title":{"rendered":"Alueet"},"content":{"rendered":"\n<h2 class=\"wp-block-heading has-large-font-size\">Seuran toimialueet<\/h2>\n\n\n\n<p>Seuralla on vuokrattuja mets\u00e4stysmaita yhteens\u00e4 n. 19000 ha Tornion kaupungin alueella.<\/p>\n\n\n\n<p class=\"has-extra-small-font-size\">Etel\u00e4inen mets\u00e4stysalue on t\u00e4rke\u00e4 varsinkin hirvenmets\u00e4styksess\u00e4, koska se sijaitsee hyv\u00e4ll\u00e4 hirvien vasomis- ja kes\u00e4laidunalueella. Jokisuiston ja merenlahtien runsas kasvillisuus lihottaa hirvet hyv\u00e4\u00e4n kuntoon talven varalle. Alue on my\u00f6s perinteinen j\u00e4niksenmets\u00e4stys- ja koealue. Jokisuiston ja merenlahtien sorsastusvedet sijaitsevat sorsien ja hanhien muuttoreittien keskell\u00e4. Valitettavasti etel\u00e4isen alueen mets\u00e4stysmahdollisuudet ovat heikentym\u00e4ss\u00e4 l\u00e4hinn\u00e4 rakentamisen ja laajenevan elinkeinotoiminnan vuoksi.<\/p>\n\n\n\n<p class=\"has-extra-small-font-size\">Pohjoinen mets\u00e4stysalue sijaitsee Martimossa n. 50 km keskustasta Ylitornion suuntaan. Alueella on j\u00e4senist\u00f6n k\u00e4yt\u00f6ss\u00e4 mets\u00e4stysmaja, jossa on sauna sek\u00e4 pihapiiriss\u00e4 grillikatos. Lis\u00e4ksi usealla hirviporukalla on oma jahtitukikohtansa pohjoisen alueen eri osissa. Asutuksen ja muun toiminnan laajeneminen taajamissa lis\u00e4\u00e4 t\u00e4m\u00e4n alueen merkityst\u00e4 tulevina vuosina. T\u00e4\u00e4lt\u00e4 voi viel\u00e4 l\u00f6yt\u00e4\u00e4 mets\u00e4styksen tunnelman aidompana kuin kaupungin liepeilt\u00e4.<\/p>\n\n\n\n<p class=\"has-extra-small-font-size\">Laivakankaan p\u00e4\u00e4toimintakeskus on ampumarata-alueen kupeessa ja siell\u00e4 j\u00e4rjestet\u00e4\u00e4n vuosittain merkitt\u00e4vi\u00e4 koe- ja ammuntatapahtumia sek\u00e4 tietysti seuran omat kokoukset ja muut tilaisuudet. Talvikaudella pidet\u00e4\u00e4n ohjattuja ilma-aseammuntoja seurojen omistamilla tai omilla aseilla l\u00e4hes joka viikko. Harjoituksiin p\u00e4\u00e4sev\u00e4t my\u00f6s seuroihin kuulumattomat harrastajat. Laivakankaan majaa vuokrataan my\u00f6s ulkopuolisille erilaisten tilaisuuksien pitoon ja seuran naistoimikunta voi tarvittaessa j\u00e4rjest\u00e4\u00e4 esim. kahvitarjoilua omalla kalustollaan jopa sadalle hengelle kerrallaan. Majan omistavat yht\u00e4 suurin osuuksin mets\u00e4stysseura ja Tornionseudun Ampujat.<\/p>\n\n\n\n<p class=\"has-extra-small-font-size\">Alkunkarinlahden linnustonsuojelualue on valtakunnallisesti ja laajemminkin merkitt\u00e4v\u00e4 hanke, jossa ymp\u00e4rist\u00f6n kunnostus lintuvedeksi, luonnonsuojelu ja mets\u00e4stys on yhdistetty ainutlaatuisella tavalla. Aloitteentekij\u00e4n\u00e4 hankkeelle olivat seuramme j\u00e4senet Eero Heikkil\u00e4 ja Veli Nylund vuonna 1992. Lintuvesikunnostuksen ja alueella olevat rakenteet teki Lapin ymp\u00e4rist\u00f6keskus. Hankkeen rahoitukseen osallistuivat EU:n Lintu-Life-rahasto, Tornion kaupunki ja Lapin ymp\u00e4rist\u00f6keskus. Alueen riistanhoidosta ja mets\u00e4styksen vartioinnista vastaa Tornionseudun Mets\u00e4stysseura ja alueella olevien rakenteiden kunnossapidosta vastaa Tornion kaupunki.<\/p>\n\n\n\n<h3 class=\"wp-block-heading has-normal-font-size\">Kartat<\/h3>\n\n\n\n<p>Pienriistan mets\u00e4styalueiden karttoja:<\/p>\n\n\n\n<ul class=\"wp-block-list\">\n<li><a href=\"http:\/\/tsms.fi\/wp-content\/uploads\/2022\/05\/etela.jpg\" target=\"_blank\" rel=\"noreferrer noopener\">Etel\u00e4inen alue<\/a><\/li>\n\n\n\n<li><a href=\"http:\/\/tsms.fi\/wp-content\/uploads\/2022\/05\/kartta_pohjoinen.jpg\" target=\"_blank\" rel=\"noreferrer noopener\">Pohjoinen al<\/a><a rel=\"noreferrer noopener\" href=\"http:\/\/vps.tsms.fi\/wp-content\/uploads\/2022\/05\/kartta_pohjoinen.jpg\" target=\"_blank\">ue<\/a><\/li>\n<\/ul>\n\n\n\n<p>Toimialueiden karttoja l\u00f6ytyy my\u00f6s omariista palvelusta.<\/p>\n\n\n\n<figure class=\"wp-block-image size-full\"><a href=\"https:\/\/oma.riista.fi\/#\/login\" target=\"_blank\" rel=\"noopener\"><img loading=\"lazy\" decoding=\"async\" width=\"199\" height=\"149\" src=\"http:\/\/vps.tsms.fi\/wp-content\/uploads\/2021\/10\/Oma-riista-logo7.jpg\" alt=\"Oma riista\" class=\"wp-image-220\"\/><\/a><figcaption class=\"wp-element-caption\"><a href=\"https:\/\/oma.riista.fi\/#\/login\" target=\"_blank\" rel=\"noreferrer noopener\">Oma riista -palveluun<\/a><\/figcaption><\/figure>\n\n\n\n<p class=\"has-normal-font-size\">Tarkempia karttatietoja sek\u00e4 hirvenmets\u00e4styst\u00e4 koskevien alueiden karttoja voi tiedustella rahastonhoitajalta.<\/p>\n","protected":false},"excerpt":{"rendered":"<p>Seuran toimialueet Seuralla on vuokrattuja mets\u00e4stysmaita yhteens\u00e4 n. 19000 ha Tornion kaupungin alueella. Etel\u00e4inen mets\u00e4stysalue on t\u00e4rke\u00e4 varsinkin hirvenmets\u00e4styksess\u00e4, koska se sijaitsee hyv\u00e4ll\u00e4 hirvien vasomis- ja kes\u00e4laidunalueella. Jokisuiston ja merenlahtien runsas kasvillisuus lihottaa hirvet&#46;&#46;&#46;<\/p>\n","protected":false},"author":3,"featured_media":0,"parent":0,"menu_order":0,"comment_status":"closed","ping_status":"closed","template":"","meta":{"footnotes":""},"class_list":["post-26","page","type-page","status-publish","hentry"],"_links":{"self":[{"href":"https:\/\/tsms.fi\/index.php?rest_route=\/wp\/v2\/pages\/26","targetHints":{"allow":["GET"]}}],"collection":[{"href":"https:\/\/tsms.fi\/index.php?rest_route=\/wp\/v2\/pages"}],"about":[{"href":"https:\/\/tsms.fi\/index.php?rest_route=\/wp\/v2\/types\/page"}],"author":[{"embeddable":true,"href":"https:\/\/tsms.fi\/index.php?rest_route=\/wp\/v2\/users\/3"}],"replies":[{"embeddable":true,"href":"https:\/\/tsms.fi\/index.php?rest_route=%2Fwp%2Fv2%2Fcomments&post=26"}],"version-history":[{"count":15,"href":"https:\/\/tsms.fi\/index.php?rest_route=\/wp\/v2\/pages\/26\/revisions"}],"predecessor-version":[{"id":647,"href":"https:\/\/tsms.fi\/index.php?rest_route=\/wp\/v2\/pages\/26\/revisions\/647"}],"wp:attachment":[{"href":"https:\/\/tsms.fi\/index.php?rest_route=%2Fwp%2Fv2%2Fmedia&parent=26"}],"curies":[{"name":"wp","href":"https:\/\/api.w.org\/{rel}","templated":true}]}}