{"id":16,"date":"2021-10-01T06:11:04","date_gmt":"2021-10-01T06:11:04","guid":{"rendered":"https:\/\/musing-wing.95-217-206-124.plesk.page\/?page_id=16"},"modified":"2026-01-13T13:26:40","modified_gmt":"2026-01-13T11:26:40","slug":"majat","status":"publish","type":"page","link":"https:\/\/tsms.fi\/?page_id=16","title":{"rendered":"Majat"},"content":{"rendered":"\n<h2 class=\"wp-block-heading has-small-font-size\"><strong>Laivakankaan maja<\/strong><\/h2>\n\n\n\n<p class=\"has-extra-small-font-size\">Laivakankaan ampumaradalla sijaitsee maja, jonka omistavat yhteisesti&nbsp;<a rel=\"noreferrer noopener\" href=\"http:\/\/www.torsa.fi\/\" target=\"_blank\">Tornionseudun Ampujat ry<\/a>&nbsp;ja Tornionseudun Mets\u00e4stysseura ry. Majalla on tomiva keitti\u00f6, 2xWC ja istuma-\/p\u00f6yt\u00e4paikkoja n. 80-100 hengelle.<\/p>\n\n\n\n<div class=\"wp-block-columns is-layout-flex wp-container-core-columns-is-layout-9d6595d7 wp-block-columns-is-layout-flex\">\n<div class=\"wp-block-column is-layout-flow wp-block-column-is-layout-flow\" style=\"flex-basis:66.66%\">\n<p class=\"has-extra-small-font-size\">Majaa vuokrataan my\u00f6s ulkopuolisille.<\/p>\n\n\n\n<p class=\"has-extra-small-font-size\">Majan k\u00e4ytt\u00f6\u00f6n ja vuokraukseen liittyv\u00e4t tiedustelut ja varaukset majais\u00e4nn\u00e4lle:<\/p>\n\n\n\n<p class=\"has-extra-small-font-size\">Kalevi V\u00e4nsk\u00e4,<br>p. 040 8698180<\/p>\n<\/div>\n\n\n\n<div class=\"wp-block-column is-layout-flow wp-block-column-is-layout-flow\" style=\"flex-basis:33.33%\"><\/div>\n<\/div>\n\n\n\n<hr class=\"wp-block-separator has-text-color has-black-color has-css-opacity has-black-background-color has-background is-style-default\"\/>\n\n\n\n<h2 class=\"wp-block-heading has-small-font-size\"><strong>Martimon maja<\/strong><\/h2>\n\n\n\n<p class=\"has-extra-small-font-size\">Pohjoisella mets\u00e4stysalueella Martimossa on j\u00e4senist\u00f6n k\u00e4yt\u00f6ss\u00e4 mets\u00e4stysmaja, jossa on sauna sek\u00e4 pihapiiriss\u00e4 grillikatos.<\/p>\n\n\n\n<div class=\"wp-block-columns is-layout-flex wp-container-core-columns-is-layout-9d6595d7 wp-block-columns-is-layout-flex\">\n<div class=\"wp-block-column is-layout-flow wp-block-column-is-layout-flow\" style=\"flex-basis:66.66%\">\n<p class=\"has-extra-small-font-size\">Majaa vuokrataan j\u00e4senille hintaan 20 \u20ac\/vrk\/hl\u00f6.<\/p>\n\n\n\n<p class=\"has-extra-small-font-size\">Martimon majaan ja sen k\u00e4ytt\u00f6\u00f6n liittyv\u00e4t tiedustelut:<\/p>\n\n\n\n<p class=\"has-extra-small-font-size\">Kuivalainen Tapani p. 0405091969<\/p>\n<\/div>\n\n\n\n<div class=\"wp-block-column is-layout-flow wp-block-column-is-layout-flow\" style=\"flex-basis:33.33%\">\n<ul class=\"wp-block-list\">\n<li><a href=\"http:\/\/tsms.fi\/wp-content\/uploads\/2025\/09\/Mokin-vuokraussaannot-1.pdf\" target=\"_blank\" rel=\"noreferrer noopener nofollow\">M\u00f6kin vuokrauss\u00e4\u00e4nn\u00f6t (pdf)<\/a><\/li>\n\n\n\n<li><a href=\"http:\/\/tsms.fi\/wp-content\/uploads\/2025\/09\/Mokin-vuokraussaannot-1.docx\" target=\"_blank\" rel=\"noreferrer noopener nofollow\">M\u00f6kin vuokrauss\u00e4\u00e4nn\u00f6t (docx)<\/a><\/li>\n<\/ul>\n<\/div>\n<\/div>\n\n\n\n<p><\/p>\n","protected":false},"excerpt":{"rendered":"<p>Laivakankaan maja Laivakankaan ampumaradalla sijaitsee maja, jonka omistavat yhteisesti&nbsp;Tornionseudun Ampujat ry&nbsp;ja Tornionseudun Mets\u00e4stysseura ry. Majalla on tomiva keitti\u00f6, 2xWC ja istuma-\/p\u00f6yt\u00e4paikkoja n. 80-100 hengelle. Majaa vuokrataan my\u00f6s ulkopuolisille. Majan k\u00e4ytt\u00f6\u00f6n ja vuokraukseen liittyv\u00e4t tiedustelut&#46;&#46;&#46;<\/p>\n","protected":false},"author":3,"featured_media":0,"parent":0,"menu_order":0,"comment_status":"closed","ping_status":"closed","template":"","meta":{"footnotes":""},"class_list":["post-16","page","type-page","status-publish","hentry"],"_links":{"self":[{"href":"https:\/\/tsms.fi\/index.php?rest_route=\/wp\/v2\/pages\/16","targetHints":{"allow":["GET"]}}],"collection":[{"href":"https:\/\/tsms.fi\/index.php?rest_route=\/wp\/v2\/pages"}],"about":[{"href":"https:\/\/tsms.fi\/index.php?rest_route=\/wp\/v2\/types\/page"}],"author":[{"embeddable":true,"href":"https:\/\/tsms.fi\/index.php?rest_route=\/wp\/v2\/users\/3"}],"replies":[{"embeddable":true,"href":"https:\/\/tsms.fi\/index.php?rest_route=%2Fwp%2Fv2%2Fcomments&post=16"}],"version-history":[{"count":15,"href":"https:\/\/tsms.fi\/index.php?rest_route=\/wp\/v2\/pages\/16\/revisions"}],"predecessor-version":[{"id":646,"href":"https:\/\/tsms.fi\/index.php?rest_route=\/wp\/v2\/pages\/16\/revisions\/646"}],"wp:attachment":[{"href":"https:\/\/tsms.fi\/index.php?rest_route=%2Fwp%2Fv2%2Fmedia&parent=16"}],"curies":[{"name":"wp","href":"https:\/\/api.w.org\/{rel}","templated":true}]}}